{"id":1029,"date":"2013-01-28T15:20:30","date_gmt":"2013-01-28T15:20:30","guid":{"rendered":"http:\/\/themes.activetofocus.com\/alterna\/demo\/?page_id=7"},"modified":"2013-01-28T15:20:30","modified_gmt":"2013-01-28T15:20:30","slug":"home","status":"publish","type":"page","link":"https:\/\/mgtransportedeveiculos.com.br\/","title":{"rendered":"MG Transporte de Ve\u00edculos"},"content":{"rendered":"<h2>MG Transporte de Ve\u00edculos<\/h2>\n<p style=\"text-align: justify;\">O Brasil \u00e9 um pa\u00eds de dimens\u00f5es continentais e v\u00e1rias capitais est\u00e3o a centenas ou milhares de quil\u00f4metros umas das outras. Na hora de transportar um ve\u00edculo pode ser interessante que ele siga junto com outros em caminh\u00f5es cegonha. Isto vai reduzir o custo total da viagem, pois h\u00e1 economia com combust\u00edvel, paradas, pernoites, ped\u00e1gios, alimenta\u00e7\u00e3o etc.\u2028\u2028 A MG Transporte de Ve\u00edculos ajuda voc\u00ea a economizar tempo e dinheiro na procura por um \u00f3timo servi\u00e7o de transporte de ve\u00edculos, de transporte de ve\u00edculos para outro estado, transporte de ve\u00edculos interestadual, transporte de ve\u00edculos cegonha e transporte de ve\u00edculos para o Nordeste.<\/p>\n<p style=\"text-align: justify;\">* Atendemos as principais regi\u00f5es do Brasil.<br \/>\n* A MG <a href=\"https:\/\/www.google.com.br\/search?q=transporte+de+ve%C3%ADculos+bh\" target=\"_blank\" rel=\"noopener\">Transporte de Ve\u00edculos<\/a> possui bases operacionais localizadas em diversas regi\u00f5es do pais.<br \/>\n* Trabalhamos com pre\u00e7os especiais para as regi\u00f5es de S\u00e3o Paulo, Rio de Janeiro, Minas Gerais, Bahia e Pernambuco. Para demais estados ganhe ate 5% de desconto.<br \/>\n* Atendemos diversos tipos de ve\u00edculos. Nossos caminh\u00f5es cegonha s\u00e3o capacitados para atender diversos modelos de ve\u00edculos de diferentes tamanhos.<br \/>\n* Transportamos seu veiculo para qualquer lugar do Brasil. Al\u00e9m dos servi\u00e7os de cegonha, temos tamb\u00e9m o servi\u00e7o de transportes em plataformas. Assim voce pode contratar o servi\u00e7o de coleta e entrega porta a porta<br \/>\n* Consulte taxa extra, para locais de dif\u00edcil acesso da cegonha. Trazendo assim mais facilidade e comodidade para nossos cliente.<br \/>\n* Transportamos tamb\u00e9m m\u00e1quinas em geral. Temos pre\u00e7os especiais.<br \/>\n* Seu veiculo transportado com toda seguran\u00e7a pela Allianz seguradora. Seguro Total da Carga.<\/p>\n<p style=\"text-align: justify;\">A ap\u00f3lice da MG Transporte de Ve\u00edculos acoberta o veiculo transportado, desde o momento da coleta ate a entrega no destino final contratado, em 100% do valor do bem declarado pela tabela FIPE do veiculo.<br \/>\nPrecisando de Transporte de Ve\u00edculos? Conte a MG Transporte de Ve\u00edculos! Atendimento cordial, pre\u00e7o justo, efici\u00eancia e qualidade em Transporte de Ve\u00edculos.<\/p>\n<p><img loading=\"lazy\" decoding=\"async\" class=\"alignnone size-full wp-image-706\" src=\"https:\/\/mgtransportedeveiculos.com.br\/wp-content\/uploads\/2013\/01\/mg-transporte-de-veiculos-logo.jpg\" alt=\"MG Transporte de Ve\u00edculos\" width=\"960\" height=\"420\" srcset=\"https:\/\/mgtransportedeveiculos.com.br\/wp-content\/uploads\/2013\/01\/mg-transporte-de-veiculos-logo.jpg 960w, https:\/\/mgtransportedeveiculos.com.br\/wp-content\/uploads\/2013\/01\/mg-transporte-de-veiculos-logo-300x131.jpg 300w, https:\/\/mgtransportedeveiculos.com.br\/wp-content\/uploads\/2013\/01\/mg-transporte-de-veiculos-logo-768x336.jpg 768w\" sizes=\"auto, (max-width: 960px) 100vw, 960px\" \/><\/p>\n<h2>(31) 2564-3149 \/ (31) 9 7114-6661 \/ (27) 99576-2222 \/ (27) 3103-7141<\/h2>\n<p>&nbsp;<\/p>\n<p>MG Transporte de Ve\u00edculos. Especializada em:<br \/>\ntransporte de veiculos<br \/>\ntransporte de veiculos bh<br \/>\ntransporte de veiculos cegonha bh<br \/>\ntransporte de veiculos cegonha<br \/>\ntransporte de veiculos uberlandia<br \/>\ntransporte de veiculos belo horizonte<br \/>\ntransporte de veiculos belem<br \/>\ntransporte de veiculos salvador<br \/>\ntransporte de veiculos brasilia<br \/>\ntransporte de veiculos sp<br \/>\ntransporte de veiculos em manaus<br \/>\ntransporte de veiculos cegonha mg<br \/>\ntransporte de veiculos cegonha sp<br \/>\ntransporte de veiculos em fortaleza<br \/>\ntransporte de veiculos paran\u00e1<br \/>\ntransporte de veiculos manaus<br \/>\ntransporte de veiculos outro estado pre\u00e7o<br \/>\ntransporte de veiculos outro estado<br \/>\ntransporte de veiculos para o nordeste<br \/>\ntransporte de veiculos porto alegre<br \/>\ntransporte de veiculos para todo o brasil<br \/>\ntransporte de veiculos para fortaleza<br \/>\ntransportadora de ve\u00edculos<br \/>\ntransporte ve\u00edculos<br \/>\ntransportadora veiculos<br \/>\ntransportar ve\u00edculos para outro estado<br \/>\ntransporte de carros<br \/>\ntransporte de carros cegonha<br \/>\ntransporte de carros interestadual<br \/>\ntransporte de carros interestaduais<br \/>\ntransporte de carros cegonha rj<br \/>\ntransporte de carros belo horizonte<br \/>\ntransporte de carros bh<\/p>\n","protected":false},"excerpt":{"rendered":"<p>MG Transporte de Ve\u00edculos O Brasil \u00e9 um pa\u00eds de dimens\u00f5es continentais e v\u00e1rias capitais est\u00e3o a centenas ou milhares de quil\u00f4metros umas das outras. Na hora de transportar um ve\u00edculo pode ser interessante que ele siga junto com outros<\/p>\n","protected":false},"author":1,"featured_media":0,"parent":0,"menu_order":0,"comment_status":"closed","ping_status":"open","template":"","meta":{"_joinchat":[],"footnotes":""},"class_list":["post-1029","page","type-page","status-publish","hentry"],"yoast_head":"<!-- This site is optimized with the Yoast SEO plugin v26.0 - https:\/\/yoast.com\/wordpress\/plugins\/seo\/ -->\n<title>MG Transporte de Ve\u00edculos - Transporte de Ve\u00edculos \u2705<\/title>\n<meta name=\"description\" content=\"\u2605 \u2605 \u2605 \u2605 \u2605 Transporte de Ve\u00edculos para Todo o Brasil \u00e9 com a MG Transporte de Ve\u00edculos. Seguran\u00e7a, Agilidade e Confian\u00e7a. Seu Ve\u00edculo em Boas M\u00e3os!\" \/>\n<meta name=\"robots\" content=\"index, follow, max-snippet:-1, max-image-preview:large, max-video-preview:-1\" \/>\n<link rel=\"canonical\" href=\"https:\/\/mgtransportedeveiculos.com.br\/\" \/>\n<meta property=\"og:locale\" content=\"pt_BR\" \/>\n<meta property=\"og:type\" content=\"article\" \/>\n<meta property=\"og:title\" content=\"MG Transporte de Ve\u00edculos - Transporte de Ve\u00edculos \u2705\" \/>\n<meta property=\"og:description\" content=\"\u2605 \u2605 \u2605 \u2605 \u2605 Transporte de Ve\u00edculos para Todo o Brasil \u00e9 com a MG Transporte de Ve\u00edculos. Seguran\u00e7a, Agilidade e Confian\u00e7a. Seu Ve\u00edculo em Boas M\u00e3os!\" \/>\n<meta property=\"og:url\" content=\"https:\/\/mgtransportedeveiculos.com.br\/\" \/>\n<meta property=\"og:site_name\" content=\"MG Transporte de Ve\u00edculos\" \/>\n<meta property=\"og:image\" content=\"https:\/\/mgtransportedeveiculos.com.br\/wp-content\/uploads\/2013\/01\/mg-transporte-de-veiculos-logo.jpg\" \/>\n<meta name=\"twitter:card\" content=\"summary_large_image\" \/>\n<meta name=\"twitter:label1\" content=\"Est. tempo de leitura\" \/>\n\t<meta name=\"twitter:data1\" content=\"3 minutos\" \/>\n<script type=\"application\/ld+json\" class=\"yoast-schema-graph\">{\"@context\":\"https:\/\/schema.org\",\"@graph\":[{\"@type\":\"WebPage\",\"@id\":\"https:\/\/mgtransportedeveiculos.com.br\/\",\"url\":\"https:\/\/mgtransportedeveiculos.com.br\/\",\"name\":\"MG Transporte de Ve\u00edculos - Transporte de Ve\u00edculos \u2705\",\"isPartOf\":{\"@id\":\"https:\/\/mgtransportedeveiculos.com.br\/#website\"},\"primaryImageOfPage\":{\"@id\":\"https:\/\/mgtransportedeveiculos.com.br\/#primaryimage\"},\"image\":{\"@id\":\"https:\/\/mgtransportedeveiculos.com.br\/#primaryimage\"},\"thumbnailUrl\":\"https:\/\/mgtransportedeveiculos.com.br\/wp-content\/uploads\/2013\/01\/mg-transporte-de-veiculos-logo.jpg\",\"datePublished\":\"2013-01-28T15:20:30+00:00\",\"description\":\"\u2605 \u2605 \u2605 \u2605 \u2605 Transporte de Ve\u00edculos para Todo o Brasil \u00e9 com a MG Transporte de Ve\u00edculos. Seguran\u00e7a, Agilidade e Confian\u00e7a. Seu Ve\u00edculo em Boas M\u00e3os!\",\"breadcrumb\":{\"@id\":\"https:\/\/mgtransportedeveiculos.com.br\/#breadcrumb\"},\"inLanguage\":\"pt-BR\",\"potentialAction\":[{\"@type\":\"ReadAction\",\"target\":[\"https:\/\/mgtransportedeveiculos.com.br\/\"]}]},{\"@type\":\"ImageObject\",\"inLanguage\":\"pt-BR\",\"@id\":\"https:\/\/mgtransportedeveiculos.com.br\/#primaryimage\",\"url\":\"https:\/\/mgtransportedeveiculos.com.br\/wp-content\/uploads\/2013\/01\/mg-transporte-de-veiculos-logo.jpg\",\"contentUrl\":\"https:\/\/mgtransportedeveiculos.com.br\/wp-content\/uploads\/2013\/01\/mg-transporte-de-veiculos-logo.jpg\",\"width\":960,\"height\":420,\"caption\":\"Transporte de Ve\u00edculos\"},{\"@type\":\"BreadcrumbList\",\"@id\":\"https:\/\/mgtransportedeveiculos.com.br\/#breadcrumb\",\"itemListElement\":[{\"@type\":\"ListItem\",\"position\":1,\"name\":\"In\u00edcio\",\"item\":\"https:\/\/mgtransportedeveiculos.com.br\/\"},{\"@type\":\"ListItem\",\"position\":2,\"name\":\"MG Transporte de Ve\u00edculos\"}]},{\"@type\":\"WebSite\",\"@id\":\"https:\/\/mgtransportedeveiculos.com.br\/#website\",\"url\":\"https:\/\/mgtransportedeveiculos.com.br\/\",\"name\":\"MG Transporte de Ve\u00edculos\",\"description\":\"\",\"publisher\":{\"@id\":\"https:\/\/mgtransportedeveiculos.com.br\/#organization\"},\"potentialAction\":[{\"@type\":\"SearchAction\",\"target\":{\"@type\":\"EntryPoint\",\"urlTemplate\":\"https:\/\/mgtransportedeveiculos.com.br\/?s={search_term_string}\"},\"query-input\":{\"@type\":\"PropertyValueSpecification\",\"valueRequired\":true,\"valueName\":\"search_term_string\"}}],\"inLanguage\":\"pt-BR\"},{\"@type\":\"Organization\",\"@id\":\"https:\/\/mgtransportedeveiculos.com.br\/#organization\",\"name\":\"MG Transporte de Ve\u00edculos\",\"url\":\"https:\/\/mgtransportedeveiculos.com.br\/\",\"logo\":{\"@type\":\"ImageObject\",\"inLanguage\":\"pt-BR\",\"@id\":\"https:\/\/mgtransportedeveiculos.com.br\/#\/schema\/logo\/image\/\",\"url\":\"https:\/\/mgtransportedeveiculos.com.br\/wp-content\/uploads\/2024\/07\/mg-transporte-de-veiculos-logomarca-fone31.png\",\"contentUrl\":\"https:\/\/mgtransportedeveiculos.com.br\/wp-content\/uploads\/2024\/07\/mg-transporte-de-veiculos-logomarca-fone31.png\",\"width\":1100,\"height\":120,\"caption\":\"MG Transporte de Ve\u00edculos\"},\"image\":{\"@id\":\"https:\/\/mgtransportedeveiculos.com.br\/#\/schema\/logo\/image\/\"}}]}<\/script>\n<!-- \/ Yoast SEO plugin. -->","yoast_head_json":{"title":"MG Transporte de Ve\u00edculos - Transporte de Ve\u00edculos \u2705","description":"\u2605 \u2605 \u2605 \u2605 \u2605 Transporte de Ve\u00edculos para Todo o Brasil \u00e9 com a MG Transporte de Ve\u00edculos. Seguran\u00e7a, Agilidade e Confian\u00e7a. Seu Ve\u00edculo em Boas M\u00e3os!","robots":{"index":"index","follow":"follow","max-snippet":"max-snippet:-1","max-image-preview":"max-image-preview:large","max-video-preview":"max-video-preview:-1"},"canonical":"https:\/\/mgtransportedeveiculos.com.br\/","og_locale":"pt_BR","og_type":"article","og_title":"MG Transporte de Ve\u00edculos - Transporte de Ve\u00edculos \u2705","og_description":"\u2605 \u2605 \u2605 \u2605 \u2605 Transporte de Ve\u00edculos para Todo o Brasil \u00e9 com a MG Transporte de Ve\u00edculos. Seguran\u00e7a, Agilidade e Confian\u00e7a. Seu Ve\u00edculo em Boas M\u00e3os!","og_url":"https:\/\/mgtransportedeveiculos.com.br\/","og_site_name":"MG Transporte de Ve\u00edculos","og_image":[{"url":"https:\/\/mgtransportedeveiculos.com.br\/wp-content\/uploads\/2013\/01\/mg-transporte-de-veiculos-logo.jpg","type":"","width":"","height":""}],"twitter_card":"summary_large_image","twitter_misc":{"Est. tempo de leitura":"3 minutos"},"schema":{"@context":"https:\/\/schema.org","@graph":[{"@type":"WebPage","@id":"https:\/\/mgtransportedeveiculos.com.br\/","url":"https:\/\/mgtransportedeveiculos.com.br\/","name":"MG Transporte de Ve\u00edculos - Transporte de Ve\u00edculos \u2705","isPartOf":{"@id":"https:\/\/mgtransportedeveiculos.com.br\/#website"},"primaryImageOfPage":{"@id":"https:\/\/mgtransportedeveiculos.com.br\/#primaryimage"},"image":{"@id":"https:\/\/mgtransportedeveiculos.com.br\/#primaryimage"},"thumbnailUrl":"https:\/\/mgtransportedeveiculos.com.br\/wp-content\/uploads\/2013\/01\/mg-transporte-de-veiculos-logo.jpg","datePublished":"2013-01-28T15:20:30+00:00","description":"\u2605 \u2605 \u2605 \u2605 \u2605 Transporte de Ve\u00edculos para Todo o Brasil \u00e9 com a MG Transporte de Ve\u00edculos. Seguran\u00e7a, Agilidade e Confian\u00e7a. Seu Ve\u00edculo em Boas M\u00e3os!","breadcrumb":{"@id":"https:\/\/mgtransportedeveiculos.com.br\/#breadcrumb"},"inLanguage":"pt-BR","potentialAction":[{"@type":"ReadAction","target":["https:\/\/mgtransportedeveiculos.com.br\/"]}]},{"@type":"ImageObject","inLanguage":"pt-BR","@id":"https:\/\/mgtransportedeveiculos.com.br\/#primaryimage","url":"https:\/\/mgtransportedeveiculos.com.br\/wp-content\/uploads\/2013\/01\/mg-transporte-de-veiculos-logo.jpg","contentUrl":"https:\/\/mgtransportedeveiculos.com.br\/wp-content\/uploads\/2013\/01\/mg-transporte-de-veiculos-logo.jpg","width":960,"height":420,"caption":"Transporte de Ve\u00edculos"},{"@type":"BreadcrumbList","@id":"https:\/\/mgtransportedeveiculos.com.br\/#breadcrumb","itemListElement":[{"@type":"ListItem","position":1,"name":"In\u00edcio","item":"https:\/\/mgtransportedeveiculos.com.br\/"},{"@type":"ListItem","position":2,"name":"MG Transporte de Ve\u00edculos"}]},{"@type":"WebSite","@id":"https:\/\/mgtransportedeveiculos.com.br\/#website","url":"https:\/\/mgtransportedeveiculos.com.br\/","name":"MG Transporte de Ve\u00edculos","description":"","publisher":{"@id":"https:\/\/mgtransportedeveiculos.com.br\/#organization"},"potentialAction":[{"@type":"SearchAction","target":{"@type":"EntryPoint","urlTemplate":"https:\/\/mgtransportedeveiculos.com.br\/?s={search_term_string}"},"query-input":{"@type":"PropertyValueSpecification","valueRequired":true,"valueName":"search_term_string"}}],"inLanguage":"pt-BR"},{"@type":"Organization","@id":"https:\/\/mgtransportedeveiculos.com.br\/#organization","name":"MG Transporte de Ve\u00edculos","url":"https:\/\/mgtransportedeveiculos.com.br\/","logo":{"@type":"ImageObject","inLanguage":"pt-BR","@id":"https:\/\/mgtransportedeveiculos.com.br\/#\/schema\/logo\/image\/","url":"https:\/\/mgtransportedeveiculos.com.br\/wp-content\/uploads\/2024\/07\/mg-transporte-de-veiculos-logomarca-fone31.png","contentUrl":"https:\/\/mgtransportedeveiculos.com.br\/wp-content\/uploads\/2024\/07\/mg-transporte-de-veiculos-logomarca-fone31.png","width":1100,"height":120,"caption":"MG Transporte de Ve\u00edculos"},"image":{"@id":"https:\/\/mgtransportedeveiculos.com.br\/#\/schema\/logo\/image\/"}}]}},"_links":{"self":[{"href":"https:\/\/mgtransportedeveiculos.com.br\/index.php\/wp-json\/wp\/v2\/pages\/1029","targetHints":{"allow":["GET"]}}],"collection":[{"href":"https:\/\/mgtransportedeveiculos.com.br\/index.php\/wp-json\/wp\/v2\/pages"}],"about":[{"href":"https:\/\/mgtransportedeveiculos.com.br\/index.php\/wp-json\/wp\/v2\/types\/page"}],"author":[{"embeddable":true,"href":"https:\/\/mgtransportedeveiculos.com.br\/index.php\/wp-json\/wp\/v2\/users\/1"}],"replies":[{"embeddable":true,"href":"https:\/\/mgtransportedeveiculos.com.br\/index.php\/wp-json\/wp\/v2\/comments?post=1029"}],"version-history":[{"count":0,"href":"https:\/\/mgtransportedeveiculos.com.br\/index.php\/wp-json\/wp\/v2\/pages\/1029\/revisions"}],"wp:attachment":[{"href":"https:\/\/mgtransportedeveiculos.com.br\/index.php\/wp-json\/wp\/v2\/media?parent=1029"}],"curies":[{"name":"wp","href":"https:\/\/api.w.org\/{rel}","templated":true}]}}